{"id":67,"date":"2022-12-08T19:53:05","date_gmt":"2022-12-08T19:53:05","guid":{"rendered":"http:\/\/draft.fcindustrial.ro\/?page_id=67"},"modified":"2023-03-09T19:43:15","modified_gmt":"2023-03-09T19:43:15","slug":"reciclare","status":"publish","type":"page","link":"https:\/\/draft.fcindustrial.ro\/index.php\/reciclare\/","title":{"rendered":"Reciclare"},"content":{"rendered":"\t\t<div data-elementor-type=\"wp-page\" data-elementor-id=\"67\" class=\"elementor elementor-67\">\n\t\t\t\t\t\t<section class=\"elementor-section elementor-top-section elementor-element elementor-element-12f5cd38 elementor-section-boxed elementor-section-height-default elementor-section-height-default\" data-id=\"12f5cd38\" data-element_type=\"section\">\n\t\t\t\t\t\t<div class=\"elementor-container elementor-column-gap-default\">\n\t\t\t\t\t<div class=\"elementor-column elementor-col-100 elementor-top-column elementor-element elementor-element-41748301\" data-id=\"41748301\" data-element_type=\"column\">\n\t\t\t<div class=\"elementor-widget-wrap elementor-element-populated\">\n\t\t\t\t\t\t<div class=\"elementor-element elementor-element-6468d511 elementor-widget elementor-widget-text-editor\" data-id=\"6468d511\" data-element_type=\"widget\" data-widget_type=\"text-editor.default\">\n\t\t\t\t<div class=\"elementor-widget-container\">\n\t\t\t<style>\/*! elementor - v3.23.0 - 05-08-2024 *\/\n.elementor-widget-text-editor.elementor-drop-cap-view-stacked .elementor-drop-cap{background-color:#69727d;color:#fff}.elementor-widget-text-editor.elementor-drop-cap-view-framed .elementor-drop-cap{color:#69727d;border:3px solid;background-color:transparent}.elementor-widget-text-editor:not(.elementor-drop-cap-view-default) .elementor-drop-cap{margin-top:8px}.elementor-widget-text-editor:not(.elementor-drop-cap-view-default) .elementor-drop-cap-letter{width:1em;height:1em}.elementor-widget-text-editor .elementor-drop-cap{float:left;text-align:center;line-height:1;font-size:50px}.elementor-widget-text-editor .elementor-drop-cap-letter{display:inline-block}<\/style>\t\t\t\t<!-- wp:columns -->\n<div class=\"wp-block-columns\"><!-- wp:column {\"width\":\"33.33%\"} -->\n<div class=\"wp-block-column\" style=\"flex-basis: 33.33%;\"><!-- wp:paragraph {\"fontSize\":\"large\"} -->\n<p class=\"has-large-font-size\"><strong>Reciclare<\/strong><\/p>\n<!-- \/wp:paragraph --><\/div>\n<!-- \/wp:column --><!-- wp:column {\"width\":\"66.66%\"} -->\n<div class=\"wp-block-column\" style=\"flex-basis: 66.66%;\"><!-- wp:image {\"id\":392,\"sizeSlug\":\"full\",\"linkDestination\":\"none\"} -->\n<figure class=\"wp-block-image size-full\"><img decoding=\"async\" class=\"wp-image-392\" src=\"http:\/\/draft.fcindustrial.ro\/wp-content\/uploads\/2022\/12\/Captura-de-ecran-2022-12-22-152050.png\" alt=\"\" \/><\/figure>\n<!-- \/wp:image --><\/div>\n<!-- \/wp:column --><\/div>\n<!-- \/wp:columns --><!-- wp:paragraph {\"align\":\"center\",\"style\":{\"typography\":{\"textTransform\":\"none\"}}} -->\n<p class=\"has-text-align-center\" style=\"text-transform: none;\">Societatea noastr\u0103 este specializat\u0103 pe distribuirea \u0219i comercializarea echipamentelor complete de reciclare pentru Rom\u00e2nia \u0219i Ungaria. Scopul societ\u0103\u021bii este de a face c\u00e2t mai cunoscute sistemele de reciclare complete pentru toate tipurile de materiale pentru protejarea mediului \u0219i eficientizarea economiei prin beneficiile \u00eenso\u021bite de aceste tehnologii.<\/p>\n<!-- \/wp:paragraph --><!-- wp:paragraph {\"align\":\"center\"} -->\n<p class=\"has-text-align-center\">Fiind \u00een constant\u0103 legatur\u0103 cu colaboratorii no\u0219trii, v\u0103 putem oferi cele mai complexe tehnologii de tocare, compactare, balotare, transportare, selec\u021bionare a de\u0219eurilor pentru necesit\u0103\u021bile cerute.<\/p>\n<!-- \/wp:paragraph --><!-- wp:paragraph -->\n<p>Urm\u0103toarele categorii le pute\u021bi vedea ac\u021bion\u00e2nd link-ul din cadrul textului:<\/p>\n<figure class=\"wp-block-table aligncenter\"><\/figure>\n<!-- \/wp:table -->\t\t\t\t\t\t<\/div>\n\t\t\t\t<\/div>\n\t\t\t\t\t<\/div>\n\t\t<\/div>\n\t\t\t\t\t<\/div>\n\t\t<\/section>\n\t\t\t\t<section class=\"elementor-section elementor-top-section elementor-element elementor-element-ad12e97 elementor-section-boxed elementor-section-height-default elementor-section-height-default\" data-id=\"ad12e97\" data-element_type=\"section\">\n\t\t\t\t\t\t<div class=\"elementor-container elementor-column-gap-default\">\n\t\t\t\t\t<div class=\"elementor-column elementor-col-50 elementor-top-column elementor-element elementor-element-012b5cb\" data-id=\"012b5cb\" data-element_type=\"column\">\n\t\t\t<div class=\"elementor-widget-wrap elementor-element-populated\">\n\t\t\t\t\t\t<div class=\"elementor-element elementor-element-eb83a56 elementor-widget elementor-widget-heading\" data-id=\"eb83a56\" data-element_type=\"widget\" data-widget_type=\"heading.default\">\n\t\t\t\t<div class=\"elementor-widget-container\">\n\t\t\t<style>\/*! elementor - v3.23.0 - 05-08-2024 *\/\n.elementor-heading-title{padding:0;margin:0;line-height:1}.elementor-widget-heading .elementor-heading-title[class*=elementor-size-]>a{color:inherit;font-size:inherit;line-height:inherit}.elementor-widget-heading .elementor-heading-title.elementor-size-small{font-size:15px}.elementor-widget-heading .elementor-heading-title.elementor-size-medium{font-size:19px}.elementor-widget-heading .elementor-heading-title.elementor-size-large{font-size:29px}.elementor-widget-heading .elementor-heading-title.elementor-size-xl{font-size:39px}.elementor-widget-heading .elementor-heading-title.elementor-size-xxl{font-size:59px}<\/style><h5 class=\"elementor-heading-title elementor-size-default\"><a href=\"http:\/\/draft.fcindustrial.ro\/index.php\/categorii-reciclare\/\">Categorii \u0219i tehnologii <br>de  reciclare<\/a><\/h5>\t\t<\/div>\n\t\t\t\t<\/div>\n\t\t\t\t<div class=\"elementor-element elementor-element-99e18a6 elementor-widget elementor-widget-image\" data-id=\"99e18a6\" data-element_type=\"widget\" data-widget_type=\"image.default\">\n\t\t\t\t<div class=\"elementor-widget-container\">\n\t\t\t<style>\/*! elementor - v3.23.0 - 05-08-2024 *\/\n.elementor-widget-image{text-align:center}.elementor-widget-image a{display:inline-block}.elementor-widget-image a img[src$=\".svg\"]{width:48px}.elementor-widget-image img{vertical-align:middle;display:inline-block}<\/style>\t\t\t\t\t\t\t\t\t\t\t<a href=\"http:\/\/draft.fcindustrial.ro\/index.php\/categorii-reciclare\/\">\n\t\t\t\t\t\t\t<img decoding=\"async\" src=\"https:\/\/draft.fcindustrial.ro\/wp-content\/uploads\/2023\/03\/Untitled-1.png\" title=\"Untitled-1\" alt=\"Untitled-1\" loading=\"lazy\" \/>\t\t\t\t\t\t\t\t<\/a>\n\t\t\t\t\t\t\t\t\t\t\t\t\t<\/div>\n\t\t\t\t<\/div>\n\t\t\t\t\t<\/div>\n\t\t<\/div>\n\t\t\t\t<div class=\"elementor-column elementor-col-50 elementor-top-column elementor-element elementor-element-e492b10\" data-id=\"e492b10\" data-element_type=\"column\">\n\t\t\t<div class=\"elementor-widget-wrap elementor-element-populated\">\n\t\t\t\t\t\t<div class=\"elementor-element elementor-element-7b13878 elementor-widget elementor-widget-heading\" data-id=\"7b13878\" data-element_type=\"widget\" data-widget_type=\"heading.default\">\n\t\t\t\t<div class=\"elementor-widget-container\">\n\t\t\t<h5 class=\"elementor-heading-title elementor-size-default\"><a href=\"http:\/\/draft.fcindustrial.ro\/wp-content\/uploads\/2023\/01\/Catalog-Eurven.pdf\" target=\"_blank\">Catalog sisteme automate de preluare a ambalajelor (RVM)<\/a><\/h5>\t\t<\/div>\n\t\t\t\t<\/div>\n\t\t\t\t<div class=\"elementor-element elementor-element-c552d9f elementor-widget elementor-widget-image\" data-id=\"c552d9f\" data-element_type=\"widget\" data-widget_type=\"image.default\">\n\t\t\t\t<div class=\"elementor-widget-container\">\n\t\t\t\t\t\t\t\t\t\t\t\t\t\t<a href=\"http:\/\/draft.fcindustrial.ro\/wp-content\/uploads\/2023\/01\/Catalog-Eurven.pdf\" target=\"_blank\">\n\t\t\t\t\t\t\t<img decoding=\"async\" src=\"https:\/\/draft.fcindustrial.ro\/wp-content\/uploads\/2022\/12\/cdc-2.jpg\" title=\"cdc-2\" alt=\"cdc-2\" loading=\"lazy\" \/>\t\t\t\t\t\t\t\t<\/a>\n\t\t\t\t\t\t\t\t\t\t\t\t\t<\/div>\n\t\t\t\t<\/div>\n\t\t\t\t\t<\/div>\n\t\t<\/div>\n\t\t\t\t\t<\/div>\n\t\t<\/section>\n\t\t\t\t<\/div>\n\t\t","protected":false},"excerpt":{"rendered":"<p>Reciclare Societatea noastr\u0103 este specializat\u0103 pe distribuirea \u0219i comercializarea echipamentelor complete de reciclare pentru Rom\u00e2nia \u0219i Ungaria. Scopul societ\u0103\u021bii este de a face c\u00e2t mai cunoscute sistemele de reciclare complete pentru toate tipurile de materiale pentru protejarea mediului \u0219i eficientizarea economiei prin beneficiile \u00eenso\u021bite de aceste tehnologii. Fiind \u00een constant\u0103 legatur\u0103 cu colaboratorii no\u0219trii, v\u0103 [&hellip;]<\/p>\n","protected":false},"author":1,"featured_media":0,"parent":0,"menu_order":0,"comment_status":"closed","ping_status":"closed","template":"","meta":{"_eb_attr":""},"yoast_head":"<!-- This site is optimized with the Yoast SEO plugin v20.1 - https:\/\/yoast.com\/wordpress\/plugins\/seo\/ -->\n<title>Reciclare - FCIndustrial<\/title>\n<meta name=\"robots\" content=\"index, follow, max-snippet:-1, max-image-preview:large, max-video-preview:-1\" \/>\n<link rel=\"canonical\" href=\"https:\/\/draft.fcindustrial.ro\/index.php\/reciclare\/\" \/>\n<meta property=\"og:locale\" content=\"en_US\" \/>\n<meta property=\"og:type\" content=\"article\" \/>\n<meta property=\"og:title\" content=\"Reciclare - FCIndustrial\" \/>\n<meta property=\"og:description\" content=\"Reciclare Societatea noastr\u0103 este specializat\u0103 pe distribuirea \u0219i comercializarea echipamentelor complete de reciclare pentru Rom\u00e2nia \u0219i Ungaria. Scopul societ\u0103\u021bii este de a face c\u00e2t mai cunoscute sistemele de reciclare complete pentru toate tipurile de materiale pentru protejarea mediului \u0219i eficientizarea economiei prin beneficiile \u00eenso\u021bite de aceste tehnologii. Fiind \u00een constant\u0103 legatur\u0103 cu colaboratorii no\u0219trii, v\u0103 [&hellip;]\" \/>\n<meta property=\"og:url\" content=\"https:\/\/draft.fcindustrial.ro\/index.php\/reciclare\/\" \/>\n<meta property=\"og:site_name\" content=\"FCIndustrial\" \/>\n<meta property=\"article:publisher\" content=\"https:\/\/www.facebook.com\/fcindustrialequipment\/\" \/>\n<meta property=\"article:modified_time\" content=\"2023-03-09T19:43:15+00:00\" \/>\n<meta property=\"og:image\" content=\"http:\/\/draft.fcindustrial.ro\/wp-content\/uploads\/2022\/12\/Captura-de-ecran-2022-12-22-152050.png\" \/>\n<meta name=\"twitter:card\" content=\"summary_large_image\" \/>\n<meta name=\"twitter:label1\" content=\"Est. reading time\" \/>\n\t<meta name=\"twitter:data1\" content=\"2 minutes\" \/>\n<script type=\"application\/ld+json\" class=\"yoast-schema-graph\">{\"@context\":\"https:\/\/schema.org\",\"@graph\":[{\"@type\":\"WebPage\",\"@id\":\"https:\/\/draft.fcindustrial.ro\/index.php\/reciclare\/\",\"url\":\"https:\/\/draft.fcindustrial.ro\/index.php\/reciclare\/\",\"name\":\"Reciclare - FCIndustrial\",\"isPartOf\":{\"@id\":\"https:\/\/draft.fcindustrial.ro\/#website\"},\"datePublished\":\"2022-12-08T19:53:05+00:00\",\"dateModified\":\"2023-03-09T19:43:15+00:00\",\"breadcrumb\":{\"@id\":\"https:\/\/draft.fcindustrial.ro\/index.php\/reciclare\/#breadcrumb\"},\"inLanguage\":\"en-US\",\"potentialAction\":[{\"@type\":\"ReadAction\",\"target\":[\"https:\/\/draft.fcindustrial.ro\/index.php\/reciclare\/\"]}]},{\"@type\":\"BreadcrumbList\",\"@id\":\"https:\/\/draft.fcindustrial.ro\/index.php\/reciclare\/#breadcrumb\",\"itemListElement\":[{\"@type\":\"ListItem\",\"position\":1,\"name\":\"Home\",\"item\":\"https:\/\/draft.fcindustrial.ro\/\"},{\"@type\":\"ListItem\",\"position\":2,\"name\":\"Reciclare\"}]},{\"@type\":\"WebSite\",\"@id\":\"https:\/\/draft.fcindustrial.ro\/#website\",\"url\":\"https:\/\/draft.fcindustrial.ro\/\",\"name\":\"FCIndustrial\",\"description\":\"\",\"publisher\":{\"@id\":\"https:\/\/draft.fcindustrial.ro\/#organization\"},\"potentialAction\":[{\"@type\":\"SearchAction\",\"target\":{\"@type\":\"EntryPoint\",\"urlTemplate\":\"https:\/\/draft.fcindustrial.ro\/?s={search_term_string}\"},\"query-input\":\"required name=search_term_string\"}],\"inLanguage\":\"en-US\"},{\"@type\":\"Organization\",\"@id\":\"https:\/\/draft.fcindustrial.ro\/#organization\",\"name\":\"FCIndustrial\",\"url\":\"https:\/\/draft.fcindustrial.ro\/\",\"logo\":{\"@type\":\"ImageObject\",\"inLanguage\":\"en-US\",\"@id\":\"https:\/\/draft.fcindustrial.ro\/#\/schema\/logo\/image\/\",\"url\":\"https:\/\/draft.fcindustrial.ro\/wp-content\/uploads\/2022\/12\/cropped-index_html_4314ab9edb7054f9-1.jpg\",\"contentUrl\":\"https:\/\/draft.fcindustrial.ro\/wp-content\/uploads\/2022\/12\/cropped-index_html_4314ab9edb7054f9-1.jpg\",\"width\":1280,\"height\":409,\"caption\":\"FCIndustrial\"},\"image\":{\"@id\":\"https:\/\/draft.fcindustrial.ro\/#\/schema\/logo\/image\/\"},\"sameAs\":[\"https:\/\/www.facebook.com\/fcindustrialequipment\/\"]}]}<\/script>\n<!-- \/ Yoast SEO plugin. -->","yoast_head_json":{"title":"Reciclare - FCIndustrial","robots":{"index":"index","follow":"follow","max-snippet":"max-snippet:-1","max-image-preview":"max-image-preview:large","max-video-preview":"max-video-preview:-1"},"canonical":"https:\/\/draft.fcindustrial.ro\/index.php\/reciclare\/","og_locale":"en_US","og_type":"article","og_title":"Reciclare - FCIndustrial","og_description":"Reciclare Societatea noastr\u0103 este specializat\u0103 pe distribuirea \u0219i comercializarea echipamentelor complete de reciclare pentru Rom\u00e2nia \u0219i Ungaria. Scopul societ\u0103\u021bii este de a face c\u00e2t mai cunoscute sistemele de reciclare complete pentru toate tipurile de materiale pentru protejarea mediului \u0219i eficientizarea economiei prin beneficiile \u00eenso\u021bite de aceste tehnologii. Fiind \u00een constant\u0103 legatur\u0103 cu colaboratorii no\u0219trii, v\u0103 [&hellip;]","og_url":"https:\/\/draft.fcindustrial.ro\/index.php\/reciclare\/","og_site_name":"FCIndustrial","article_publisher":"https:\/\/www.facebook.com\/fcindustrialequipment\/","article_modified_time":"2023-03-09T19:43:15+00:00","og_image":[{"url":"http:\/\/draft.fcindustrial.ro\/wp-content\/uploads\/2022\/12\/Captura-de-ecran-2022-12-22-152050.png"}],"twitter_card":"summary_large_image","twitter_misc":{"Est. reading time":"2 minutes"},"schema":{"@context":"https:\/\/schema.org","@graph":[{"@type":"WebPage","@id":"https:\/\/draft.fcindustrial.ro\/index.php\/reciclare\/","url":"https:\/\/draft.fcindustrial.ro\/index.php\/reciclare\/","name":"Reciclare - FCIndustrial","isPartOf":{"@id":"https:\/\/draft.fcindustrial.ro\/#website"},"datePublished":"2022-12-08T19:53:05+00:00","dateModified":"2023-03-09T19:43:15+00:00","breadcrumb":{"@id":"https:\/\/draft.fcindustrial.ro\/index.php\/reciclare\/#breadcrumb"},"inLanguage":"en-US","potentialAction":[{"@type":"ReadAction","target":["https:\/\/draft.fcindustrial.ro\/index.php\/reciclare\/"]}]},{"@type":"BreadcrumbList","@id":"https:\/\/draft.fcindustrial.ro\/index.php\/reciclare\/#breadcrumb","itemListElement":[{"@type":"ListItem","position":1,"name":"Home","item":"https:\/\/draft.fcindustrial.ro\/"},{"@type":"ListItem","position":2,"name":"Reciclare"}]},{"@type":"WebSite","@id":"https:\/\/draft.fcindustrial.ro\/#website","url":"https:\/\/draft.fcindustrial.ro\/","name":"FCIndustrial","description":"","publisher":{"@id":"https:\/\/draft.fcindustrial.ro\/#organization"},"potentialAction":[{"@type":"SearchAction","target":{"@type":"EntryPoint","urlTemplate":"https:\/\/draft.fcindustrial.ro\/?s={search_term_string}"},"query-input":"required name=search_term_string"}],"inLanguage":"en-US"},{"@type":"Organization","@id":"https:\/\/draft.fcindustrial.ro\/#organization","name":"FCIndustrial","url":"https:\/\/draft.fcindustrial.ro\/","logo":{"@type":"ImageObject","inLanguage":"en-US","@id":"https:\/\/draft.fcindustrial.ro\/#\/schema\/logo\/image\/","url":"https:\/\/draft.fcindustrial.ro\/wp-content\/uploads\/2022\/12\/cropped-index_html_4314ab9edb7054f9-1.jpg","contentUrl":"https:\/\/draft.fcindustrial.ro\/wp-content\/uploads\/2022\/12\/cropped-index_html_4314ab9edb7054f9-1.jpg","width":1280,"height":409,"caption":"FCIndustrial"},"image":{"@id":"https:\/\/draft.fcindustrial.ro\/#\/schema\/logo\/image\/"},"sameAs":["https:\/\/www.facebook.com\/fcindustrialequipment\/"]}]}},"_links":{"self":[{"href":"https:\/\/draft.fcindustrial.ro\/index.php\/wp-json\/wp\/v2\/pages\/67"}],"collection":[{"href":"https:\/\/draft.fcindustrial.ro\/index.php\/wp-json\/wp\/v2\/pages"}],"about":[{"href":"https:\/\/draft.fcindustrial.ro\/index.php\/wp-json\/wp\/v2\/types\/page"}],"author":[{"embeddable":true,"href":"https:\/\/draft.fcindustrial.ro\/index.php\/wp-json\/wp\/v2\/users\/1"}],"replies":[{"embeddable":true,"href":"https:\/\/draft.fcindustrial.ro\/index.php\/wp-json\/wp\/v2\/comments?post=67"}],"version-history":[{"count":130,"href":"https:\/\/draft.fcindustrial.ro\/index.php\/wp-json\/wp\/v2\/pages\/67\/revisions"}],"predecessor-version":[{"id":779,"href":"https:\/\/draft.fcindustrial.ro\/index.php\/wp-json\/wp\/v2\/pages\/67\/revisions\/779"}],"wp:attachment":[{"href":"https:\/\/draft.fcindustrial.ro\/index.php\/wp-json\/wp\/v2\/media?parent=67"}],"curies":[{"name":"wp","href":"https:\/\/api.w.org\/{rel}","templated":true}]}}